{"id":9,"date":"2021-02-13T14:41:39","date_gmt":"2021-02-13T13:41:39","guid":{"rendered":"http:\/\/frml.org\/index.php\/home\/"},"modified":"2021-02-14T17:59:40","modified_gmt":"2021-02-14T16:59:40","slug":"presentation","status":"publish","type":"page","link":"https:\/\/www.frml.org\/index.php\/presentation\/","title":{"rendered":"Pr\u00e9sentation"},"content":{"rendered":"\n<p class=\"has-drop-cap\">Le Foyer Rural est une association affili\u00e9e \u00e0 la F\u00e9d\u00e9ration des Foyers Ruraux. Sa mission est de proposer \u00e0 ses adh\u00e9rents et aux montbrunois des manifestations sportives et culturelles. <br>Son objectif : cr\u00e9er du lien social et permettre \u00e0 chacun de s&rsquo;\u00e9panouir ! <br>Ainsi, l&rsquo;\u00e9quipe de b\u00e9n\u00e9voles qui fait vivre le Foyer Rural, vous propose chaque ann\u00e9e des activit\u00e9s de septembre \u00e0 juin et des animations telles que le Live Challenge et la Balade Gourmande.<\/p>\n","protected":false},"excerpt":{"rendered":"<p>Le Foyer Rural est une association affili\u00e9e \u00e0 la F\u00e9d\u00e9ration des Foyers Ruraux. Sa mission est de proposer \u00e0 ses &hellip; <\/p>\n","protected":false},"author":1,"featured_media":0,"parent":0,"menu_order":0,"comment_status":"closed","ping_status":"closed","template":"","meta":{"footnotes":""},"class_list":["post-9","page","type-page","status-publish","hentry"],"_links":{"self":[{"href":"https:\/\/www.frml.org\/index.php\/wp-json\/wp\/v2\/pages\/9","targetHints":{"allow":["GET"]}}],"collection":[{"href":"https:\/\/www.frml.org\/index.php\/wp-json\/wp\/v2\/pages"}],"about":[{"href":"https:\/\/www.frml.org\/index.php\/wp-json\/wp\/v2\/types\/page"}],"author":[{"embeddable":true,"href":"https:\/\/www.frml.org\/index.php\/wp-json\/wp\/v2\/users\/1"}],"replies":[{"embeddable":true,"href":"https:\/\/www.frml.org\/index.php\/wp-json\/wp\/v2\/comments?post=9"}],"version-history":[{"count":6,"href":"https:\/\/www.frml.org\/index.php\/wp-json\/wp\/v2\/pages\/9\/revisions"}],"predecessor-version":[{"id":121,"href":"https:\/\/www.frml.org\/index.php\/wp-json\/wp\/v2\/pages\/9\/revisions\/121"}],"wp:attachment":[{"href":"https:\/\/www.frml.org\/index.php\/wp-json\/wp\/v2\/media?parent=9"}],"curies":[{"name":"wp","href":"https:\/\/api.w.org\/{rel}","templated":true}]}}